{"id":1162,"date":"2018-05-21T18:31:32","date_gmt":"2018-05-21T18:31:32","guid":{"rendered":"https:\/\/www.associationpierre.org\/LaRoue\/?page_id=1162"},"modified":"2025-12-29T17:23:41","modified_gmt":"2025-12-29T16:23:41","slug":"accueil","status":"publish","type":"page","link":"https:\/\/associationpierre.org\/LaRoue\/","title":{"rendered":"Accueil"},"content":{"rendered":"\t\t<div data-elementor-type=\"wp-post\" data-elementor-id=\"1162\" class=\"elementor elementor-1162\">\n\t\t\t\t\t\t<section class=\"elementor-section elementor-top-section elementor-element elementor-element-76956a20 elementor-section-boxed elementor-section-height-default elementor-section-height-default\" data-id=\"76956a20\" data-element_type=\"section\">\n\t\t\t\t\t\t<div class=\"elementor-container elementor-column-gap-default\">\n\t\t\t\t\t<div class=\"elementor-column elementor-col-100 elementor-top-column elementor-element elementor-element-73c5fb75\" data-id=\"73c5fb75\" data-element_type=\"column\">\n\t\t\t<div class=\"elementor-widget-wrap elementor-element-populated\">\n\t\t\t\t\t\t<div class=\"elementor-element elementor-element-3471f762 elementor-arrows-position-inside elementor-pagination-position-outside elementor-widget elementor-widget-image-carousel\" data-id=\"3471f762\" data-element_type=\"widget\" data-settings=\"{&quot;slides_to_show&quot;:&quot;1&quot;,&quot;navigation&quot;:&quot;both&quot;,&quot;autoplay&quot;:&quot;yes&quot;,&quot;pause_on_hover&quot;:&quot;yes&quot;,&quot;pause_on_interaction&quot;:&quot;yes&quot;,&quot;autoplay_speed&quot;:5000,&quot;infinite&quot;:&quot;yes&quot;,&quot;effect&quot;:&quot;slide&quot;,&quot;speed&quot;:500}\" data-widget_type=\"image-carousel.default\">\n\t\t\t\t<div class=\"elementor-widget-container\">\n\t\t\t\t\t\t\t<div class=\"elementor-image-carousel-wrapper swiper\" role=\"region\" aria-roledescription=\"carousel\" aria-label=\"Carrousel d\u2019images\" dir=\"ltr\">\n\t\t\t<div class=\"elementor-image-carousel swiper-wrapper swiper-image-stretch\" aria-live=\"off\">\n\t\t\t\t\t\t\t\t<div class=\"swiper-slide\" role=\"group\" aria-roledescription=\"slide\" aria-label=\"1 sur 4\"><figure class=\"swiper-slide-inner\"><img decoding=\"async\" class=\"swiper-slide-image\" src=\"https:\/\/associationpierre.org\/LaRoue\/wp-content\/uploads\/2018\/03\/IMG_1424-e1520799364612.jpg\" alt=\"IMG_1424\" \/><\/figure><\/div><div class=\"swiper-slide\" role=\"group\" aria-roledescription=\"slide\" aria-label=\"2 sur 4\"><figure class=\"swiper-slide-inner\"><img decoding=\"async\" class=\"swiper-slide-image\" src=\"https:\/\/associationpierre.org\/LaRoue\/wp-content\/uploads\/2018\/03\/IMG_1086.jpg\" alt=\"IMG_1086\" \/><\/figure><\/div><div class=\"swiper-slide\" role=\"group\" aria-roledescription=\"slide\" aria-label=\"3 sur 4\"><figure class=\"swiper-slide-inner\"><img decoding=\"async\" class=\"swiper-slide-image\" src=\"https:\/\/associationpierre.org\/LaRoue\/wp-content\/uploads\/2018\/03\/chateau-25-Copie-e1520799460325.jpg\" alt=\"chateau 25 - Copie\" \/><\/figure><\/div><div class=\"swiper-slide\" role=\"group\" aria-roledescription=\"slide\" aria-label=\"4 sur 4\"><figure class=\"swiper-slide-inner\"><img decoding=\"async\" class=\"swiper-slide-image\" src=\"https:\/\/associationpierre.org\/LaRoue\/wp-content\/uploads\/2018\/06\/20180623_132911-e1529826195921.jpg\" alt=\"20180623_132911\" \/><\/figure><\/div>\t\t\t<\/div>\n\t\t\t\t\t\t\t\t\t\t\t\t<div class=\"elementor-swiper-button elementor-swiper-button-prev\" role=\"button\" tabindex=\"0\">\n\t\t\t\t\t\t<i aria-hidden=\"true\" class=\"eicon-chevron-left\"><\/i>\t\t\t\t\t<\/div>\n\t\t\t\t\t<div class=\"elementor-swiper-button elementor-swiper-button-next\" role=\"button\" tabindex=\"0\">\n\t\t\t\t\t\t<i aria-hidden=\"true\" class=\"eicon-chevron-right\"><\/i>\t\t\t\t\t<\/div>\n\t\t\t\t\n\t\t\t\t\t\t\t\t\t<div class=\"swiper-pagination\"><\/div>\n\t\t\t\t\t\t\t\t\t<\/div>\n\t\t\t\t\t\t<\/div>\n\t\t\t\t<\/div>\n\t\t\t\t\t<\/div>\n\t\t<\/div>\n\t\t\t\t\t<\/div>\n\t\t<\/section>\n\t\t\t\t<section class=\"elementor-section elementor-top-section elementor-element elementor-element-3bce27d7 elementor-section-boxed elementor-section-height-default elementor-section-height-default\" data-id=\"3bce27d7\" data-element_type=\"section\">\n\t\t\t\t\t\t<div class=\"elementor-container elementor-column-gap-default\">\n\t\t\t\t\t<div class=\"elementor-column elementor-col-100 elementor-top-column elementor-element elementor-element-64aa55cd\" data-id=\"64aa55cd\" data-element_type=\"column\">\n\t\t\t<div class=\"elementor-widget-wrap elementor-element-populated\">\n\t\t\t\t\t\t<div class=\"elementor-element elementor-element-12ced831 elementor-widget elementor-widget-heading\" data-id=\"12ced831\" data-element_type=\"widget\" data-widget_type=\"heading.default\">\n\t\t\t\t<div class=\"elementor-widget-container\">\n\t\t\t\t\t<h2 class=\"elementor-heading-title elementor-size-default\">Nos Objectifs <\/h2>\t\t\t\t<\/div>\n\t\t\t\t<\/div>\n\t\t\t\t<div class=\"elementor-element elementor-element-1371d149 elementor-widget elementor-widget-text-editor\" data-id=\"1371d149\" data-element_type=\"widget\" data-widget_type=\"text-editor.default\">\n\t\t\t\t<div class=\"elementor-widget-container\">\n\t\t\t\t\t\t\t\t\t<ul><li><img decoding=\"async\" class=\" wp-image-994 alignright\" src=\"https:\/\/www.associationpierre.org\/LaRoue\/wp-content\/uploads\/2018\/03\/P1040733-PR-300x200.jpg\" alt=\"\" width=\"173\" height=\"115\" srcset=\"https:\/\/associationpierre.org\/LaRoue\/wp-content\/uploads\/2018\/03\/P1040733-PR-300x200.jpg 300w, https:\/\/associationpierre.org\/LaRoue\/wp-content\/uploads\/2018\/03\/P1040733-PR-768x513.jpg 768w, https:\/\/associationpierre.org\/LaRoue\/wp-content\/uploads\/2018\/03\/P1040733-PR.jpg 1024w\" sizes=\"(max-width: 173px) 100vw, 173px\" \/>Sauvegarder ce site et le faire d\u00e9couvrir<\/li><li>Faire du site un lieu de passage des chemins de randonn\u00e9e de la r\u00e9gion<\/li><li>Enrichir le patrimoine de notre territoire<\/li><\/ul>\t\t\t\t\t\t\t\t<\/div>\n\t\t\t\t<\/div>\n\t\t\t\t\t<\/div>\n\t\t<\/div>\n\t\t\t\t\t<\/div>\n\t\t<\/section>\n\t\t\t\t<section class=\"elementor-section elementor-top-section elementor-element elementor-element-50f04c78 elementor-section-stretched elementor-section-boxed elementor-section-height-default elementor-section-height-default\" data-id=\"50f04c78\" data-element_type=\"section\" data-settings=\"{&quot;stretch_section&quot;:&quot;section-stretched&quot;}\">\n\t\t\t\t\t\t<div class=\"elementor-container elementor-column-gap-default\">\n\t\t\t\t\t<div class=\"elementor-column elementor-col-100 elementor-top-column elementor-element elementor-element-5988a584\" data-id=\"5988a584\" data-element_type=\"column\">\n\t\t\t<div class=\"elementor-widget-wrap elementor-element-populated\">\n\t\t\t\t\t\t<div class=\"elementor-element elementor-element-1dfc22e5 elementor-widget__width-initial elementor-widget elementor-widget-heading\" data-id=\"1dfc22e5\" data-element_type=\"widget\" data-widget_type=\"heading.default\">\n\t\t\t\t<div class=\"elementor-widget-container\">\n\t\t\t\t\t<h2 class=\"elementor-heading-title elementor-size-default\">Regroupement <\/h2>\t\t\t\t<\/div>\n\t\t\t\t<\/div>\n\t\t\t\t<div class=\"elementor-element elementor-element-5e6b6cbb elementor-widget__width-initial elementor-widget elementor-widget-text-editor\" data-id=\"5e6b6cbb\" data-element_type=\"widget\" data-widget_type=\"text-editor.default\">\n\t\t\t\t<div class=\"elementor-widget-container\">\n\t\t\t\t\t\t\t\t\t<p>Depuis 2015, une nouvelle \u00e9quipe r\u00e9nove la ch\u00e2teau petit \u00e0 petit. Il est ouvert lors de la journ\u00e9e du patrimoine et du 5 ao\u00fbt. Nous attendons encore des personnes charitables pour venir \u00e9toffer les rangs de l&rsquo;association qui se regroupe deux fois par an pour annoncer la route \u00e0 suivre et le chemin \u00e0 parcourir pour l&rsquo;ann\u00e9e \u00e0 venir.<\/p><p><img fetchpriority=\"high\" decoding=\"async\" class=\"wp-image-933 size-medium alignleft\" src=\"https:\/\/www.associationpierre.org\/LaRoue\/wp-content\/uploads\/2018\/03\/IMG_0365-1-300x225.jpg\" alt=\"\" width=\"300\" height=\"225\" srcset=\"https:\/\/associationpierre.org\/LaRoue\/wp-content\/uploads\/2018\/03\/IMG_0365-1-300x225.jpg 300w, https:\/\/associationpierre.org\/LaRoue\/wp-content\/uploads\/2018\/03\/IMG_0365-1-768x576.jpg 768w, https:\/\/associationpierre.org\/LaRoue\/wp-content\/uploads\/2018\/03\/IMG_0365-1-1024x768.jpg 1024w, https:\/\/associationpierre.org\/LaRoue\/wp-content\/uploads\/2018\/03\/IMG_0365-1.jpg 1152w\" sizes=\"(max-width: 300px) 100vw, 300px\" \/><\/p><p><img decoding=\"async\" class=\"size-medium wp-image-1119 alignright\" src=\"https:\/\/www.associationpierre.org\/LaRoue\/wp-content\/uploads\/2018\/04\/IMG_02611-300x225.jpg\" alt=\"\" width=\"300\" height=\"225\" srcset=\"https:\/\/associationpierre.org\/LaRoue\/wp-content\/uploads\/2018\/04\/IMG_02611-300x225.jpg 300w, https:\/\/associationpierre.org\/LaRoue\/wp-content\/uploads\/2018\/04\/IMG_02611-768x576.jpg 768w, https:\/\/associationpierre.org\/LaRoue\/wp-content\/uploads\/2018\/04\/IMG_02611-1024x768.jpg 1024w, https:\/\/associationpierre.org\/LaRoue\/wp-content\/uploads\/2018\/04\/IMG_02611.jpg 1080w\" sizes=\"(max-width: 300px) 100vw, 300px\" \/><\/p>\t\t\t\t\t\t\t\t<\/div>\n\t\t\t\t<\/div>\n\t\t\t\t\t<\/div>\n\t\t<\/div>\n\t\t\t\t\t<\/div>\n\t\t<\/section>\n\t\t\t\t<section class=\"elementor-section elementor-top-section elementor-element elementor-element-169b6d41 elementor-section-stretched elementor-section-boxed elementor-section-height-default elementor-section-height-default\" data-id=\"169b6d41\" data-element_type=\"section\" data-settings=\"{&quot;stretch_section&quot;:&quot;section-stretched&quot;}\">\n\t\t\t\t\t\t<div class=\"elementor-container elementor-column-gap-default\">\n\t\t\t\t\t<div class=\"elementor-column elementor-col-100 elementor-top-column elementor-element elementor-element-33fbbc2c\" data-id=\"33fbbc2c\" data-element_type=\"column\">\n\t\t\t<div class=\"elementor-widget-wrap elementor-element-populated\">\n\t\t\t\t\t\t<div class=\"elementor-element elementor-element-410af210 elementor-align-center elementor-widget elementor-widget-button\" data-id=\"410af210\" data-element_type=\"widget\" data-widget_type=\"button.default\">\n\t\t\t\t<div class=\"elementor-widget-container\">\n\t\t\t\t\t\t\t\t\t<div class=\"elementor-button-wrapper\">\n\t\t\t\t\t<a class=\"elementor-button elementor-button-link elementor-size-xl\" href=\"https:\/\/www.associationpierre.org\/LaRoue\/?page_id=1207\" target=\"_blank\">\n\t\t\t\t\t\t<span class=\"elementor-button-content-wrapper\">\n\t\t\t\t\t\t<span class=\"elementor-button-icon\">\n\t\t\t\t\t\t\t\t\t<i class=\"fa fa-image\" aria-hidden=\"true\"><\/i>\n\t\t\t\t\t\t\t<\/span>\n\t\t\t\t\t\t\t\t\t<span class=\"elementor-button-text\">Photos<\/span>\n\t\t\t\t\t<\/span>\n\t\t\t\t\t<\/a>\n\t\t\t\t<\/div>\n\t\t\t\t\t\t\t\t<\/div>\n\t\t\t\t<\/div>\n\t\t\t\t<div class=\"elementor-element elementor-element-45342357 elementor-align-center elementor-widget elementor-widget-button\" data-id=\"45342357\" data-element_type=\"widget\" data-widget_type=\"button.default\">\n\t\t\t\t<div class=\"elementor-widget-container\">\n\t\t\t\t\t\t\t\t\t<div class=\"elementor-button-wrapper\">\n\t\t\t\t\t<a class=\"elementor-button elementor-button-link elementor-size-xl\" href=\"#\">\n\t\t\t\t\t\t<span class=\"elementor-button-content-wrapper\">\n\t\t\t\t\t\t<span class=\"elementor-button-icon\">\n\t\t\t\t\t\t\t\t\t<i class=\"fa fa-video-camera\" aria-hidden=\"true\"><\/i>\n\t\t\t\t\t\t\t<\/span>\n\t\t\t\t\t\t\t\t\t<span class=\"elementor-button-text\">Vid\u00e9os<\/span>\n\t\t\t\t\t<\/span>\n\t\t\t\t\t<\/a>\n\t\t\t\t<\/div>\n\t\t\t\t\t\t\t\t<\/div>\n\t\t\t\t<\/div>\n\t\t\t\t\t<\/div>\n\t\t<\/div>\n\t\t\t\t\t<\/div>\n\t\t<\/section>\n\t\t\t\t<section class=\"elementor-section elementor-top-section elementor-element elementor-element-5ae3d462 elementor-section-stretched elementor-section-boxed elementor-section-height-default elementor-section-height-default\" data-id=\"5ae3d462\" data-element_type=\"section\" data-settings=\"{&quot;stretch_section&quot;:&quot;section-stretched&quot;}\">\n\t\t\t\t\t\t<div class=\"elementor-container elementor-column-gap-default\">\n\t\t\t\t\t<div class=\"elementor-column elementor-col-50 elementor-top-column elementor-element elementor-element-48203f8c\" data-id=\"48203f8c\" data-element_type=\"column\">\n\t\t\t<div class=\"elementor-widget-wrap elementor-element-populated\">\n\t\t\t\t\t\t\t<\/div>\n\t\t<\/div>\n\t\t\t\t<div class=\"elementor-column elementor-col-50 elementor-top-column elementor-element elementor-element-4d12bcb9\" data-id=\"4d12bcb9\" data-element_type=\"column\">\n\t\t\t<div class=\"elementor-widget-wrap elementor-element-populated\">\n\t\t\t\t\t\t<div class=\"elementor-element elementor-element-23260c14 elementor-widget elementor-widget-google_maps\" data-id=\"23260c14\" data-element_type=\"widget\" data-widget_type=\"google_maps.default\">\n\t\t\t\t<div class=\"elementor-widget-container\">\n\t\t\t\t\t\t\t<div class=\"elementor-custom-embed\">\n\t\t\t<iframe loading=\"lazy\"\n\t\t\t\t\tsrc=\"https:\/\/maps.google.com\/maps?q=Clos%20de%20la%20Roue%2C%20Saint-Anth%C3%A8me%2C%20France&#038;t=m&#038;z=15&#038;output=embed&#038;iwloc=near\"\n\t\t\t\t\ttitle=\"Clos de la Roue, Saint-Anth\u00e8me, France\"\n\t\t\t\t\taria-label=\"Clos de la Roue, Saint-Anth\u00e8me, France\"\n\t\t\t><\/iframe>\n\t\t<\/div>\n\t\t\t\t\t\t<\/div>\n\t\t\t\t<\/div>\n\t\t\t\t\t<\/div>\n\t\t<\/div>\n\t\t\t\t\t<\/div>\n\t\t<\/section>\n\t\t\t\t<section class=\"elementor-section elementor-top-section elementor-element elementor-element-c5f2625 elementor-section-boxed elementor-section-height-default elementor-section-height-default\" data-id=\"c5f2625\" data-element_type=\"section\">\n\t\t\t\t\t\t<div class=\"elementor-container elementor-column-gap-default\">\n\t\t\t\t\t<div class=\"elementor-column elementor-col-50 elementor-top-column elementor-element elementor-element-bcec223\" data-id=\"bcec223\" data-element_type=\"column\">\n\t\t\t<div class=\"elementor-widget-wrap\">\n\t\t\t\t\t\t\t<\/div>\n\t\t<\/div>\n\t\t\t\t<div class=\"elementor-column elementor-col-50 elementor-top-column elementor-element elementor-element-eb80817\" data-id=\"eb80817\" data-element_type=\"column\">\n\t\t\t<div class=\"elementor-widget-wrap elementor-element-populated\">\n\t\t\t\t\t\t<div class=\"elementor-element elementor-element-3e354d3 elementor-widget elementor-widget-image\" data-id=\"3e354d3\" data-element_type=\"widget\" data-widget_type=\"image.default\">\n\t\t\t\t<div class=\"elementor-widget-container\">\n\t\t\t\t\t\t\t\t\t\t\t\t\t\t\t<img loading=\"lazy\" decoding=\"async\" width=\"367\" height=\"470\" src=\"https:\/\/associationpierre.org\/LaRoue\/wp-content\/uploads\/2018\/04\/Capture-2.png\" class=\"attachment-large size-large wp-image-1140\" alt=\"\" srcset=\"https:\/\/associationpierre.org\/LaRoue\/wp-content\/uploads\/2018\/04\/Capture-2.png 367w, https:\/\/associationpierre.org\/LaRoue\/wp-content\/uploads\/2018\/04\/Capture-2-234x300.png 234w\" sizes=\"(max-width: 367px) 100vw, 367px\" \/>\t\t\t\t\t\t\t\t\t\t\t\t\t\t\t<\/div>\n\t\t\t\t<\/div>\n\t\t\t\t\t<\/div>\n\t\t<\/div>\n\t\t\t\t\t<\/div>\n\t\t<\/section>\n\t\t\t\t<section class=\"elementor-section elementor-top-section elementor-element elementor-element-6911c5e9 elementor-section-stretched elementor-section-boxed elementor-section-height-default elementor-section-height-default\" data-id=\"6911c5e9\" data-element_type=\"section\" data-settings=\"{&quot;stretch_section&quot;:&quot;section-stretched&quot;}\">\n\t\t\t\t\t\t<div class=\"elementor-container elementor-column-gap-default\">\n\t\t\t\t\t<div class=\"elementor-column elementor-col-100 elementor-top-column elementor-element elementor-element-1018f3a8\" data-id=\"1018f3a8\" data-element_type=\"column\">\n\t\t\t<div class=\"elementor-widget-wrap elementor-element-populated\">\n\t\t\t\t\t\t<div class=\"elementor-element elementor-element-6942b8e2 elementor-widget elementor-widget-image\" data-id=\"6942b8e2\" data-element_type=\"widget\" data-widget_type=\"image.default\">\n\t\t\t\t<div class=\"elementor-widget-container\">\n\t\t\t\t\t\t\t\t\t\t\t\t\t\t\t<img loading=\"lazy\" decoding=\"async\" width=\"150\" height=\"150\" src=\"https:\/\/associationpierre.org\/LaRoue\/wp-content\/uploads\/2018\/04\/monument-historique-150x150.png\" class=\"attachment-thumbnail size-thumbnail wp-image-1143\" alt=\"\" srcset=\"https:\/\/associationpierre.org\/LaRoue\/wp-content\/uploads\/2018\/04\/monument-historique-150x150.png 150w, https:\/\/associationpierre.org\/LaRoue\/wp-content\/uploads\/2018\/04\/monument-historique-300x300.png 300w, https:\/\/associationpierre.org\/LaRoue\/wp-content\/uploads\/2018\/04\/monument-historique-768x768.png 768w, https:\/\/associationpierre.org\/LaRoue\/wp-content\/uploads\/2018\/04\/monument-historique-1024x1024.png 1024w, https:\/\/associationpierre.org\/LaRoue\/wp-content\/uploads\/2018\/04\/monument-historique.png 1200w\" sizes=\"(max-width: 150px) 100vw, 150px\" \/>\t\t\t\t\t\t\t\t\t\t\t\t\t\t\t<\/div>\n\t\t\t\t<\/div>\n\t\t\t\t\t<\/div>\n\t\t<\/div>\n\t\t\t\t\t<\/div>\n\t\t<\/section>\n\t\t\t\t<\/div>\n\t\t","protected":false},"excerpt":{"rendered":"<p>Nos Objectifs Sauvegarder ce site et le faire d\u00e9couvrir Faire du site un lieu de passage des chemins de randonn\u00e9e de la r\u00e9gion Enrichir le patrimoine de notre territoire Regroupement Depuis 2015, une nouvelle \u00e9quipe r\u00e9nove la ch\u00e2teau petit \u00e0 petit. Il est ouvert lors de la journ\u00e9e du patrimoine et du 5 ao\u00fbt. Nous &hellip; <\/p>\n<p class=\"link-more\"><a href=\"https:\/\/associationpierre.org\/LaRoue\/\" class=\"read-more\">Read More<span class=\"screen-reader-text\"> \u00ab\u00a0Accueil\u00a0\u00bb<\/span><\/a><\/p>\n","protected":false},"author":2,"featured_media":0,"parent":0,"menu_order":0,"comment_status":"closed","ping_status":"closed","template":"","meta":{"footnotes":""},"class_list":["post-1162","page","type-page","status-publish","hentry"],"_links":{"self":[{"href":"https:\/\/associationpierre.org\/LaRoue\/index.php?rest_route=\/wp\/v2\/pages\/1162","targetHints":{"allow":["GET"]}}],"collection":[{"href":"https:\/\/associationpierre.org\/LaRoue\/index.php?rest_route=\/wp\/v2\/pages"}],"about":[{"href":"https:\/\/associationpierre.org\/LaRoue\/index.php?rest_route=\/wp\/v2\/types\/page"}],"author":[{"embeddable":true,"href":"https:\/\/associationpierre.org\/LaRoue\/index.php?rest_route=\/wp\/v2\/users\/2"}],"replies":[{"embeddable":true,"href":"https:\/\/associationpierre.org\/LaRoue\/index.php?rest_route=%2Fwp%2Fv2%2Fcomments&post=1162"}],"version-history":[{"count":24,"href":"https:\/\/associationpierre.org\/LaRoue\/index.php?rest_route=\/wp\/v2\/pages\/1162\/revisions"}],"predecessor-version":[{"id":1321,"href":"https:\/\/associationpierre.org\/LaRoue\/index.php?rest_route=\/wp\/v2\/pages\/1162\/revisions\/1321"}],"wp:attachment":[{"href":"https:\/\/associationpierre.org\/LaRoue\/index.php?rest_route=%2Fwp%2Fv2%2Fmedia&parent=1162"}],"curies":[{"name":"wp","href":"https:\/\/api.w.org\/{rel}","templated":true}]}}